{"id":6603,"date":"2026-04-17T19:45:54","date_gmt":"2026-04-17T17:45:54","guid":{"rendered":"https:\/\/www.ordpsicobas.it\/home\/?page_id=6603"},"modified":"2026-04-17T19:50:46","modified_gmt":"2026-04-17T17:50:46","slug":"previdenza","status":"publish","type":"page","link":"https:\/\/www.ordpsicobas.it\/home\/previdenza\/","title":{"rendered":"Previdenza"},"content":{"rendered":"<p>La previdenza degli psicologi in Italia si basa su due sistemi distinti, che dipendono dalla modalit\u00e0 di esercizio della professione: <a href=\"https:\/\/www.enpap.it\/\" target=\"_blank\" rel=\"noopener\">ENPAP (ENPAP &#8211; Ente Nazionale di Previdenza ed Assistenza per gli Psicologi)<\/a>, per l\u2019attivit\u00e0 libero professionale, e <a href=\"https:\/\/www.inps.it\/\" target=\"_blank\" rel=\"noopener\">INPS (Portale Inps &#8211; Home)<\/a>, per il lavoro dipendente e alcune forme di collaborazione.<\/p>\n<p>L\u2019ENPAP \u00e8 l\u2019ente di riferimento per chi esercita come libero professionista. L\u2019iscrizione diventa obbligatoria nel momento in cui si \u00e8 iscritti all\u2019Albo e si percepisce un compenso per attivit\u00e0 professionale, anche occasionale. Non \u00e8 invece sufficiente la sola apertura della Partita IVA, cos\u00ec come non \u00e8 possibile iscriversi in assenza di compensi. L\u2019iscrizione deve essere effettuata entro 90 giorni dal primo incasso, con decorrenza dal 1\u00b0 gennaio dell\u2019anno in cui il reddito \u00e8 stato prodotto.<\/p>\n<p>L\u2019INPS, invece, riguarda i rapporti di lavoro dipendente e alcune forme di collaborazione.<\/p>\n<p>In particolare, la Gestione Separata INPS si applica a collaborazioni coordinate e continuative o ad attivit\u00e0 che non configurano esercizio della libera professione. \u00c8 importante chiarire che, quando l\u2019attivit\u00e0 svolta \u00e8 riconducibile alla professione di psicologo e richiede l\u2019iscrizione all\u2019Albo, la contribuzione deve essere versata all\u2019ENPAP e non alla Gestione Separata.<\/p>\n<p>Nel caso in cui si svolgano contemporaneamente attivit\u00e0 di lavoro dipendente e libera professione, si configura una doppia posizione previdenziale, con obbligo di versamento sia all\u2019INPS sia all\u2019ENPAP.<\/p>\n<p>Nel corso della carriera pu\u00f2 accadere di aver versato contributi in pi\u00f9 enti previdenziali (ENPAP, INPS o Gestione Separata INPS).<\/p>\n<p>In questi casi \u00e8 possibile riunirli per ottenere un\u2019unica pensione attraverso strumenti come la ricongiunzione, la totalizzazione o il cumulo contributivo. La ricongiunzione consente di trasferire i contributi in un\u2019unica gestione ed \u00e8 generalmente onerosa.<\/p>\n<p>Dal 9 febbraio 2026, \u00e8 stata introdotta la possibilit\u00e0 di effettuare la ricongiunzione anche tra ENPAP e Gestione Separata INPS, in entrambe le direzioni, secondo la Circolare INPS n. 15\/2026, restando applicabili le disposizioni della Legge n. 45\/1990.<\/p>\n","protected":false},"excerpt":{"rendered":"<p>La previdenza degli psicologi in Italia si basa su due sistemi distinti, che dipendono dalla modalit\u00e0 di esercizio della professione: ENPAP (ENPAP &#8211; Ente Nazionale di Previdenza ed Assistenza per gli Psicologi), per l\u2019attivit\u00e0 libero professionale, e INPS (Portale Inps &#8211; Home), per il lavoro dipendente e alcune forme di collaborazione. L\u2019ENPAP \u00e8 l\u2019ente di [&hellip;]<\/p>\n","protected":false},"author":465,"featured_media":4960,"parent":0,"menu_order":0,"comment_status":"closed","ping_status":"closed","template":"","meta":{"footnotes":""},"class_list":["post-6603","page","type-page","status-publish","has-post-thumbnail","hentry"],"_links":{"self":[{"href":"https:\/\/www.ordpsicobas.it\/home\/wp-json\/wp\/v2\/pages\/6603","targetHints":{"allow":["GET"]}}],"collection":[{"href":"https:\/\/www.ordpsicobas.it\/home\/wp-json\/wp\/v2\/pages"}],"about":[{"href":"https:\/\/www.ordpsicobas.it\/home\/wp-json\/wp\/v2\/types\/page"}],"author":[{"embeddable":true,"href":"https:\/\/www.ordpsicobas.it\/home\/wp-json\/wp\/v2\/users\/465"}],"replies":[{"embeddable":true,"href":"https:\/\/www.ordpsicobas.it\/home\/wp-json\/wp\/v2\/comments?post=6603"}],"version-history":[{"count":3,"href":"https:\/\/www.ordpsicobas.it\/home\/wp-json\/wp\/v2\/pages\/6603\/revisions"}],"predecessor-version":[{"id":6612,"href":"https:\/\/www.ordpsicobas.it\/home\/wp-json\/wp\/v2\/pages\/6603\/revisions\/6612"}],"wp:featuredmedia":[{"embeddable":true,"href":"https:\/\/www.ordpsicobas.it\/home\/wp-json\/wp\/v2\/media\/4960"}],"wp:attachment":[{"href":"https:\/\/www.ordpsicobas.it\/home\/wp-json\/wp\/v2\/media?parent=6603"}],"curies":[{"name":"wp","href":"https:\/\/api.w.org\/{rel}","templated":true}]}}