{"id":6476,"date":"2026-04-16T22:47:57","date_gmt":"2026-04-16T20:47:57","guid":{"rendered":"https:\/\/www.ordpsicobas.it\/home\/?page_id=6476"},"modified":"2026-04-19T21:41:47","modified_gmt":"2026-04-19T19:41:47","slug":"privacy-policy","status":"publish","type":"page","link":"https:\/\/www.ordpsicobas.it\/home\/privacy-policy\/","title":{"rendered":"Privacy\u00a0Policy\u00a0"},"content":{"rendered":"<h3>Informativa ai sensi dell\u2019art. 13 del Regolamento europeo 679\/2016<\/h3>\n<p>La presente Privacy Policy ha lo scopo di descrivere le modalit\u00e0 di gestione del sito internet <a href=\"https:\/\/www.ordpsicobas.it\/\">https:\/\/www.ordpsicobas.it\/<\/a> , (di seguito \u201cSito\u201d) con riferimento al trattamento dei dati personali degli utenti.<\/p>\n<p>Il trattamento dei dati ricomprende qualsiasi operazione o complesso di operazioni, effettuate anche senza l\u2019ausilio di strumenti elettronici, cos\u00ec come previsto ai sensi dell\u2019art. 4 del Regolamento (UE) 2016\/679 (di seguito, \u201cRegolamento\u201d).<\/p>\n<p>La presente informativa viene resa, ai sensi e per gli effetti di cui all\u2019art. 13 del Regolamento europeo (UE) 2016\/679, in relazione ai dati che l&#8217;Ordine degli Psicologi della Basilicata (di seguito, il \u201cTitolare\u201d) raccoglie e tratta, attraverso la compilazione del form contenuto nella sezione \u201ccontatti\u201d del proprio sito web.<\/p>\n<p>L\u2019informativa \u00e8 valida esclusivamente per il presente Sito, pertanto il Titolare non si assume nessuna responsabilit\u00e0 in merito agli altri siti web eventualmente consultati tramite collegamenti ipertestuali presenti sul sito stesso. Il trattamento dei dati avverr\u00e0 per mezzo di strumenti informatici e manuali. L\u2019informativa si riferisce, inoltre, ai dati acquisiti dalle pagine, gestite dal Titolare di piattaforme di social network quali, a titolo esemplificativo e non esaustivo: Facebook, Twitter, LinkedIn.<\/p>\n<p>Gli utenti, utilizzando il presente Sito, accettano la presente informativa e sono, pertanto, invitati a prenderne visione prima di fornire informazioni personali di qualsiasi genere.<\/p>\n<h3>Quali dati vengono raccolti e trattati<\/h3>\n<p>Attraverso la compilazione del form contenuto nella sezione \u201ccontatti\u201d del sito, vengono raccolti dati relativi al nome, all\u2019indirizzo email e al numero telefonico dell\u2019interessato.<\/p>\n<h3>Chi \u00e8 il titolare del trattamento<\/h3>\n<p>Titolare del trattamento sar\u00e0 l&#8217;Ordine degli Psicologi della Basilicata, con sede in Potenza 85100, Via della Chimica n.61 nella persona del suo legale rappresentante Dott.ssa Caterina Cerbino e indirizzo mail: psicologi.basilicata@tiscali.it<\/p>\n<h3>Quali sono le finalit\u00e0 del trattamento<\/h3>\n<p>I dati raccolti attraverso i predetti form saranno trattati esclusivamente per rispondere alle richieste avanzate dall\u2019interessato.<\/p>\n<h3>Qual \u00e8 la base giuridica del trattamento e quali le conseguenze di un eventuale rifiuto<\/h3>\n<p>La base giuridica del trattamento \u00e8 costituita dal consenso che viene di fatto prestato con la richiesta di contatto, nonch\u00e9 dalla necessit\u00e0 di rispondere alla richiesta medesima. La compilazione di tutti i campi del form \u00e8 necessaria e in caso di mancato conferimento dei dati richiesti non sar\u00e0 possibile riscontrare la richiesta.<\/p>\n<h3>Conservazione dei dati<\/h3>\n<p>I Suoi dati personali saranno trattati per il tempo strettamente necessario a fornire riscontro alla richiesta avanzata e non saranno ulteriormente conservati.<\/p>\n<h3>Comunicazione dei dati<\/h3>\n<p>I dati personali raccolti attraverso la sezione \u201ccontatti\u201d del sito non saranno comunicati a terzi, n\u00e9 diffusi.<\/p>\n<h3>Diritti dell\u2019interessato<\/h3>\n<p>La informiamo che in qualsiasi momento avr\u00e0 diritto ad ottenere la conferma che sia in corso un trattamento di dati che La riguarda e, in caso affermativo, potr\u00e0 esercitare:<\/p>\n<ul>\n<li>il diritto di accesso ai dati personali e alle informazioni relative alle finalit\u00e0, alle categorie di dati trattati, ai destinatari o alle categorie di destinatari a cui i dati sono stati o saranno comunicati e al loro periodo di conservazione;<\/li>\n<li>il diritto di rettifica dei dati personali inesatti e l\u2019integrazione dei dati personali incompleti;<\/li>\n<li>il diritto alla cancellazione dei dati personali, nei casi indicati dall\u2019art. 17 del GDPR;<\/li>\n<li>il diritto di conseguire la limitazione del trattamento, ai sensi dell\u2019art. 18 del GDPR;<\/li>\n<li>il diritto di ricevere i Suoi dati personali, che siano trattati con mezzi automatizzati, in un formato strutturato, di uso comune e leggibile da dispositivo automatico e richiedere la loro trasmissione ad un altro titolare, se tecnicamente fattibile;<\/li>\n<li>il diritto di presentare reclamo all\u2019Autorit\u00e0 Garante per la protezione dei dati personali, nel caso in cui ritenga che il trattamento svolto dal Titolare violi i Suoi diritti.<\/li>\n<\/ul>\n<h3>Modifica all\u2019informativa<\/h3>\n<p>Il Titolare si riserva di modificare o semplicemente aggiornare il contenuto della presente informativa, in parte o completamente, anche a causa di eventuali variazioni della normativa applicabile. Tali modifiche e\/o aggiornamenti saranno vincolanti non appena pubblicati sul Sito. Il Titolare invita quindi a visitare con regolarit\u00e0 questa sezione per prendere cognizione della pi\u00f9 recente ed aggiornata versione dell\u2019informativa ed essere aggiornati sui dati raccolti e sul loro utilizzo.<\/p>\n","protected":false},"excerpt":{"rendered":"<p>Informativa ai sensi dell\u2019art. 13 del Regolamento europeo 679\/2016 La presente Privacy Policy ha lo scopo di descrivere le modalit\u00e0 di gestione del sito internet https:\/\/www.ordpsicobas.it\/ , (di seguito \u201cSito\u201d) con riferimento al trattamento dei dati personali degli utenti. Il trattamento dei dati ricomprende qualsiasi operazione o complesso di operazioni, effettuate anche senza l\u2019ausilio di [&hellip;]<\/p>\n","protected":false},"author":465,"featured_media":4960,"parent":0,"menu_order":0,"comment_status":"closed","ping_status":"closed","template":"","meta":{"footnotes":""},"class_list":["post-6476","page","type-page","status-publish","has-post-thumbnail","hentry"],"_links":{"self":[{"href":"https:\/\/www.ordpsicobas.it\/home\/wp-json\/wp\/v2\/pages\/6476","targetHints":{"allow":["GET"]}}],"collection":[{"href":"https:\/\/www.ordpsicobas.it\/home\/wp-json\/wp\/v2\/pages"}],"about":[{"href":"https:\/\/www.ordpsicobas.it\/home\/wp-json\/wp\/v2\/types\/page"}],"author":[{"embeddable":true,"href":"https:\/\/www.ordpsicobas.it\/home\/wp-json\/wp\/v2\/users\/465"}],"replies":[{"embeddable":true,"href":"https:\/\/www.ordpsicobas.it\/home\/wp-json\/wp\/v2\/comments?post=6476"}],"version-history":[{"count":4,"href":"https:\/\/www.ordpsicobas.it\/home\/wp-json\/wp\/v2\/pages\/6476\/revisions"}],"predecessor-version":[{"id":6617,"href":"https:\/\/www.ordpsicobas.it\/home\/wp-json\/wp\/v2\/pages\/6476\/revisions\/6617"}],"wp:featuredmedia":[{"embeddable":true,"href":"https:\/\/www.ordpsicobas.it\/home\/wp-json\/wp\/v2\/media\/4960"}],"wp:attachment":[{"href":"https:\/\/www.ordpsicobas.it\/home\/wp-json\/wp\/v2\/media?parent=6476"}],"curies":[{"name":"wp","href":"https:\/\/api.w.org\/{rel}","templated":true}]}}