{"id":6470,"date":"2026-04-16T22:29:50","date_gmt":"2026-04-16T20:29:50","guid":{"rendered":"https:\/\/www.ordpsicobas.it\/home\/?page_id=6470"},"modified":"2026-04-16T22:50:49","modified_gmt":"2026-04-16T20:50:49","slug":"cookie-policy","status":"publish","type":"page","link":"https:\/\/www.ordpsicobas.it\/home\/cookie-policy\/","title":{"rendered":"Cookie Policy"},"content":{"rendered":"<p>Di seguito si riporta la Cookie policy da utilizzare quale informativa estesa ai sensi dell\u2019art. 13 D. Lgs. 196\/2003 (di seguito \u201cCodice Privacy\u201d) e degli artt. 13 e 14 del Regolamento (UE) 2016\/679 (di seguito \u201cGDPR\u201d).<\/p>\n<p><strong>COSA SONO I COOKIE?<\/strong><\/p>\n<p>I Cookie sono sono piccoli file di testo creati sul computer dell\u2019utente al momento in cui questo accede ad un determinato sito web e rinviati automaticamente al server ad ogni successivo accesso al sito.<\/p>\n<h3>COOKIE UTILIZZATI NEL PRESENTE SITO<\/h3>\n<p><b>COOKIE DI SESSIONE<\/b><\/p>\n<p>L\u2019utilizzo dei cookie di sessione non \u00e8 strumentale alla raccolta di dati personali identificativi degli Utenti, essendo limitato alla sola trasmissione di dati identificativi di sessione nella forma di numeri generati automaticamente dal server.<\/p>\n<p><b>COOKIE TECNICI<\/b><\/p>\n<p>Il sito utilizza cookie tecnici, rispetto ai quali, ai sensi dell\u2019art. 122 del codice privacy e del Provvedimento del Garante dell\u20198 maggio 2014, non \u00e8 richiesto alcun consenso da parte dell\u2019interessato.<br \/>\nPi\u00f9 precisamente il sito utilizza:<br \/>\n\u2013 cookie tecnici strettamente necessari per consentire la navigazione da parte dell\u2019utente, in assenza dei quali il sito web non potrebbe funzionare correttamente.<br \/>\n\u2013 cookie tecnici funzionali, che agevolano la navigazione dell\u2019utente, la cui disattivazione \u00e8 possibile tramite le modalit\u00e0 descritte e rese disponibili mediante la presente informativa, e precisamente:<\/p>\n<p><b>ALTRE TIPOLOGIE DI COOKIE O STRUMENTI TERZI CHE POTREBBERO FARNE USO<\/b><\/p>\n<p>Alcuni dei servizi elencati di seguito raccolgono statistiche in forma aggregata e potrebbero non richiedere il consenso dell\u2019Utente o potrebbero essere gestiti direttamente dal Titolare \u2013 a seconda di quanto descritto \u2013 senza l\u2019ausilio di terzi.<\/p>\n<p>Qualora fra gli strumenti indicati in seguito fossero presenti servizi gestiti da terzi, questi potrebbero \u2013 in aggiunta a quanto specificato ed anche all\u2019insaputa del Titolare \u2013 compiere attivit\u00e0 di tracciamento dell\u2019Utente. Per informazioni dettagliate in merito, si consiglia di consultare le privacy policy dei servizi elencati.<\/p>\n<p><b>MODALITA\u2019 DEL TRATTAMENTO<\/b><\/p>\n<p>Il trattamento viene effettuato con strumenti automatizzati dal Titolare. Non viene effettuata alcuna diffusione o comunicazione.<\/p>\n<p><b>DISABILITAZIONE DEI COOKIE<\/b><\/p>\n<p>L\u2019utente pu\u00f2 disattivare le funzionalit\u00e0 dei cookie tramite l\u2019apposita pagina messa a disposizione dalla EDAA (European Interactive Digital Advertising Alliance)\u00a0<a href=\"http:\/\/www.youronlinechoices.com\/it\/\">http:\/\/www.youronlinechoices.com\/it\/<\/a>, oppure agendo sulle impostazioni relative alla Privacy del browser di navigazione utilizzato.<br \/>\nIn questo caso l\u2019Utente pu\u00f2 trovare informazioni su come gestire i Cookie nel suo browser ai seguenti indirizzi:<\/p>\n<ul>\n<li><a href=\"https:\/\/support.google.com\/chrome\/answer\/95647?hl=eng\">Chrome<\/a><\/li>\n<li><a href=\"https:\/\/support.mozilla.org\/it\/kb\/Gestione%20dei%20cookie\">Firefox<\/a><\/li>\n<li><a href=\"https:\/\/support.apple.com\/it-it\/HT201265\">Safari<\/a><\/li>\n<li><a href=\"http:\/\/windows.microsoft.com\/it-it\/windows-vista\/block-or-allow-cookies\">Internet Explorer<\/a><\/li>\n<li><a href=\"https:\/\/support.microsoft.com\/it-it\/windows\/microsoft-edge-dati-delle-esplorazioni-e-privacy-bb8174ba-9d73-dcf2-9b4a-c582b4e640dd\" target=\"_blank\" rel=\"noopener\">Microsoft Edge<\/a><\/li>\n<\/ul>\n<p>Fatto salvo quanto precede, si ricorda che la disattivazione dei cookie potrebbe condizionare il corretto funzionamento del Sito.<\/p>\n<p>La disattivazione dei cookie di terze parti \u00e8 inoltre possibile attraverso le modalit\u00e0 rese disponibili direttamente dalla societ\u00e0 terza titolare per detto trattamento.<\/p>\n<p><b>TITOLARE DEL TRATTAMENTO DEI DATI<\/b><\/p>\n<p>Titolare del trattamento sar\u00e0 l&#8217;Ordine degli Psicologi della Basilicata, con sede in Potenza 85100, Via della Chimica n.61 nella persona del suo legale rappresentante Dott.ssa Caterina Cerbino.<\/p>\n<p>Indirizzo email del Titolare: psicologi.basilicata@tiscali.it<\/p>\n<p>Dal momento che l\u2019installazione di Cookie e di altri sistemi di tracciamento operata da terze parti tramite i servizi utilizzati all\u2019interno di questo sito web non pu\u00f2 essere tecnicamente controllata dal Titolare, ogni riferimento specifico a Cookie e sistemi di tracciamento installati da terze parti \u00e8 da considerarsi indicativo. Per ottenere informazioni complete, consulta la privacy policy degli eventuali servizi terzi elencati in questo documento.<br \/>\nVista l\u2019oggettiva complessit\u00e0 legata all\u2019identificazione delle tecnologie basate sui Cookie ed alla loro integrazione molto stretta con il funzionamento del web, l\u2019Utente \u00e8 invitato a contattare il Titolare qualora volesse ricevere qualunque approfondimento relativo all\u2019utilizzo dei Cookie stessi e ad eventuali utilizzi degli stessi \u2013 ad esempio ad opera di terzi \u2013 effettuati tramite questo sito.<\/p>\n<h3>DEFINIZIONI E RIFERIMENTI LEGALI<\/h3>\n<p><b>Dati Personali (o Dati)<\/b><\/p>\n<p>Costituisce dato personale qualunque informazione relativa a persona fisica, identificata o identificabile, anche indirettamente, mediante riferimento a qualsiasi altra informazione, ivi compreso un numero di identificazione personale.<\/p>\n<p><b>Dati di Utilizzo<\/b><\/p>\n<p>Sono le informazioni raccolte in maniera automatica da questo sito web (o dalle applicazioni di parti terze che questo sito web utilizza), tra le quali: gli indirizzi IP o i nomi a dominio dei computer utilizzati dall\u2019Utente che si connette con questo sito web, gli indirizzi in notazione URI (Uniform Resource Identifier), l\u2019orario della richiesta, il metodo utilizzato nel sottoporre la richiesta al server, la dimensione del file ottenuto in risposta, il codice numerico indicante lo stato della risposta dal server (buon fine, errore, ecc.) il paese di provenienza, le caratteristiche del browser e del sistema operativo utilizzati dal visitatore, le varie connotazioni temporali della visita (ad esempio il tempo di permanenza su ciascuna pagina) e i dettagli relativi all\u2019itinerario seguito all\u2019interno del sito web, con particolare riferimento alla sequenza delle pagine consultate, ai parametri relativi al sistema operativo e all\u2019ambiente informatico dell\u2019Utente.<\/p>\n<p><b>Utente<\/b><\/p>\n<p>L\u2019individuo che utilizza questo sito web, che deve coincidere con l\u2019Interessato o essere da questo autorizzato ed i cui Dati Personali sono oggetto del trattamento.<\/p>\n<p><b>Interessato<\/b><\/p>\n<p>La persona fisica o giuridica cui si riferiscono i Dati Personali.<\/p>\n<p><b>Responsabile del Trattamento (o Responsabile)<\/b><\/p>\n<p>La persona fisica, giuridica, la pubblica amministrazione e qualsiasi altro ente, associazione od organismo preposti dal Titolare al trattamento dei Dati Personali, secondo quanto predisposto dalla presente privacy policy.<\/p>\n<p><b>Titolare del Trattamento (o Titolare)<\/b><\/p>\n<p>La persona fisica, giuridica, la pubblica amministrazione e qualsiasi altro ente, associazione od organismo cui competono, anche unitamente ad altro titolare, le decisioni in ordine alle finalit\u00e0, alle modalit\u00e0 del trattamento di dati personali ed agli strumenti utilizzati, ivi compreso il profilo della sicurezza, in relazione al funzionamento e alla fruizione di questo sito web. Il Titolare del Trattamento, salvo quanto diversamente specificato, \u00e8 il proprietario di questo sito web.<\/p>\n<p><b>Questo sito web<\/b><\/p>\n<p>Lo strumento hardware o software mediante il quale sono raccolti i Dati Personali degli Utenti.<\/p>\n<p><b>Cookie<\/b><\/p>\n<p>Piccola porzione di dati conservata all\u2019interno del dispositivo dell\u2019Utente.<\/p>\n","protected":false},"excerpt":{"rendered":"<p>Di seguito si riporta la Cookie policy da utilizzare quale informativa estesa ai sensi dell\u2019art. 13 D. Lgs. 196\/2003 (di seguito \u201cCodice Privacy\u201d) e degli artt. 13 e 14 del Regolamento (UE) 2016\/679 (di seguito \u201cGDPR\u201d). COSA SONO I COOKIE? I Cookie sono sono piccoli file di testo creati sul computer dell\u2019utente al momento in [&hellip;]<\/p>\n","protected":false},"author":465,"featured_media":4960,"parent":0,"menu_order":0,"comment_status":"closed","ping_status":"closed","template":"","meta":{"footnotes":""},"class_list":["post-6470","page","type-page","status-publish","has-post-thumbnail","hentry"],"_links":{"self":[{"href":"https:\/\/www.ordpsicobas.it\/home\/wp-json\/wp\/v2\/pages\/6470","targetHints":{"allow":["GET"]}}],"collection":[{"href":"https:\/\/www.ordpsicobas.it\/home\/wp-json\/wp\/v2\/pages"}],"about":[{"href":"https:\/\/www.ordpsicobas.it\/home\/wp-json\/wp\/v2\/types\/page"}],"author":[{"embeddable":true,"href":"https:\/\/www.ordpsicobas.it\/home\/wp-json\/wp\/v2\/users\/465"}],"replies":[{"embeddable":true,"href":"https:\/\/www.ordpsicobas.it\/home\/wp-json\/wp\/v2\/comments?post=6470"}],"version-history":[{"count":3,"href":"https:\/\/www.ordpsicobas.it\/home\/wp-json\/wp\/v2\/pages\/6470\/revisions"}],"predecessor-version":[{"id":6481,"href":"https:\/\/www.ordpsicobas.it\/home\/wp-json\/wp\/v2\/pages\/6470\/revisions\/6481"}],"wp:featuredmedia":[{"embeddable":true,"href":"https:\/\/www.ordpsicobas.it\/home\/wp-json\/wp\/v2\/media\/4960"}],"wp:attachment":[{"href":"https:\/\/www.ordpsicobas.it\/home\/wp-json\/wp\/v2\/media?parent=6470"}],"curies":[{"name":"wp","href":"https:\/\/api.w.org\/{rel}","templated":true}]}}