{"id":6117,"date":"2026-04-05T22:37:41","date_gmt":"2026-04-05T20:37:41","guid":{"rendered":"https:\/\/www.ordpsicobas.it\/home\/?page_id=6117"},"modified":"2026-04-12T22:41:34","modified_gmt":"2026-04-12T20:41:34","slug":"teodora-di-pede","status":"publish","type":"page","link":"https:\/\/www.ordpsicobas.it\/home\/teodora-di-pede\/","title":{"rendered":"Teodora Di pede"},"content":{"rendered":"<p><a href=\"https:\/\/www.ordpsicobas.it\/home\/wp-content\/uploads\/2026\/04\/Foto-Teodora-Di-Pede.jpeg\"><img loading=\"lazy\" decoding=\"async\" class=\"alignleft wp-image-6044 size-medium\" src=\"https:\/\/www.ordpsicobas.it\/home\/wp-content\/uploads\/2026\/04\/Foto-Teodora-Di-Pede-300x300.jpeg\" alt=\"Foto Dott.ssa Teodora Di Pede\" width=\"300\" height=\"300\" \/><\/a>Sono una psicologa e psicoterapeuta cognitivo-comportamentale, iscritta all\u2019Ordine degli Psicologi della Basilicata. Nel corso della mia attivit\u00e0 professionale ho maturato esperienza in ambito clinico, educativo e istituzionale, occupandomi del supporto psicologico rivolto ad adulti, adolescenti e minori. Svolgo attivit\u00e0 clinica in ambito privato, offrendo percorsi di sostegno psicologico e psicoterapia secondo un approccio cognitivo-comportamentale integrato con modelli di terza generazione.<\/p>\n<p>Mi occupo di supporto psicologico per adulti, adolescenti e minori, interventi in ambito educativo e familiare, trattamento del trauma e delle difficolt\u00e0 emotive, nonch\u00e9 sostegno alla genitorialit\u00e0. Sono inoltre supervisore EMDR e mi occupo della supervisione clinica di colleghi specializzati in tale approccio. L\u2019intervento si fonda sull\u2019analisi dei processi cognitivi, emotivi e comportamentali che influenzano il benessere della persona ed \u00e8 orientato alla comprensione delle difficolt\u00e0 presentate e alla costruzione di strategie funzionali al miglioramento della qualit\u00e0 della vita.<\/p>\n<p>Attualmente ricopro il ruolo di consigliera presso l\u2019Ordine degli Psicologi della Basilicata e sono impegnata nelle attivit\u00e0 di coordinamento in ambito sanitario, contribuendo alla programmazione, organizzazione e promozione di iniziative finalizzate allo sviluppo e al potenziamento dei servizi di tutela della salute psicologica sul territorio.<\/p>\n","protected":false},"excerpt":{"rendered":"<p>Sono una psicologa e psicoterapeuta cognitivo-comportamentale, iscritta all\u2019Ordine degli Psicologi della Basilicata. Nel corso della mia attivit\u00e0 professionale ho maturato esperienza in ambito clinico, educativo e istituzionale, occupandomi del supporto psicologico rivolto ad adulti, adolescenti e minori. Svolgo attivit\u00e0 clinica in ambito privato, offrendo percorsi di sostegno psicologico e psicoterapia secondo un approccio cognitivo-comportamentale integrato [&hellip;]<\/p>\n","protected":false},"author":465,"featured_media":4960,"parent":0,"menu_order":0,"comment_status":"closed","ping_status":"closed","template":"","meta":{"footnotes":""},"class_list":["post-6117","page","type-page","status-publish","has-post-thumbnail","hentry"],"_links":{"self":[{"href":"https:\/\/www.ordpsicobas.it\/home\/wp-json\/wp\/v2\/pages\/6117","targetHints":{"allow":["GET"]}}],"collection":[{"href":"https:\/\/www.ordpsicobas.it\/home\/wp-json\/wp\/v2\/pages"}],"about":[{"href":"https:\/\/www.ordpsicobas.it\/home\/wp-json\/wp\/v2\/types\/page"}],"author":[{"embeddable":true,"href":"https:\/\/www.ordpsicobas.it\/home\/wp-json\/wp\/v2\/users\/465"}],"replies":[{"embeddable":true,"href":"https:\/\/www.ordpsicobas.it\/home\/wp-json\/wp\/v2\/comments?post=6117"}],"version-history":[{"count":2,"href":"https:\/\/www.ordpsicobas.it\/home\/wp-json\/wp\/v2\/pages\/6117\/revisions"}],"predecessor-version":[{"id":6254,"href":"https:\/\/www.ordpsicobas.it\/home\/wp-json\/wp\/v2\/pages\/6117\/revisions\/6254"}],"wp:featuredmedia":[{"embeddable":true,"href":"https:\/\/www.ordpsicobas.it\/home\/wp-json\/wp\/v2\/media\/4960"}],"wp:attachment":[{"href":"https:\/\/www.ordpsicobas.it\/home\/wp-json\/wp\/v2\/media?parent=6117"}],"curies":[{"name":"wp","href":"https:\/\/api.w.org\/{rel}","templated":true}]}}