{"id":5831,"date":"2026-03-29T18:01:45","date_gmt":"2026-03-29T16:01:45","guid":{"rendered":"https:\/\/www.ordpsicobas.it\/home\/?page_id=5831"},"modified":"2026-03-29T18:05:25","modified_gmt":"2026-03-29T16:05:25","slug":"profili-professionali","status":"publish","type":"page","link":"https:\/\/www.ordpsicobas.it\/home\/profili-professionali\/","title":{"rendered":"Profili Professionali"},"content":{"rendered":"<p>Per orientarsi tra i diversi professionisti dell\u2019area psicologica \u00e8 importante distinguere le figure previste dalla normativa vigente, nonch\u00e9 i rispettivi percorsi formativi e ambiti di competenza<\/p>\n<h2>Dottore in tecniche psicologiche<\/h2>\n<p>Il dottore in tecniche psicologiche \u00e8 iscritto all\u2019Albo B, istituito dal D.P.R. 5 giugno 2001, n. 328 e disciplinato anche dal D.L. 9 maggio 2003, n. 105 (art. 3).<\/p>\n<p>Per esercitare la professione di dottore in tecniche psicologiche \u00e8 necessario:<\/p>\n<ul>\n<li>aver conseguito la laurea triennale;<\/li>\n<li>aver svolto un tirocinio professionalizzante;<\/li>\n<li>aver sostenuto l&#8217;apposito esame di stato ed essere iscritti alla sezione B dell&#8217;Albo in uno dei seguenti settori \u201cTecniche psicologiche per i contesti sociali, organizzativi e del lavoro\u201d o \u201cTecniche psicologiche per i servizi alla persona e alla comunit\u00e0\u201d.<\/li>\n<\/ul>\n<p><em><strong>Attivit\u00e0 professionali<\/strong><\/em><\/p>\n<p>Ai sensi dell\u2019art. 3, D.L. 105\/2003, le attivit\u00e0 professionali che i dottori in tecniche psicologiche possono svolgere sono le seguenti:<\/p>\n<p>Per il settore \u201cTecniche psicologiche per i contesti sociali, organizzativi e del lavoro:<\/p>\n<ol>\n<li>realizzazione di progetti formativi diretti a promuovere lo sviluppo delle potenzialit\u00e0 di crescita individuale e di integrazione sociale, a facilitare i processi di comunicazione, a migliorare la gestione dello stress e la qualit\u00e0 della vita;<\/li>\n<li>applicazione di protocolli per l&#8217;orientamento professionale, per l&#8217;analisi dei bisogni formativi, per la selezione e la valorizzazione delle risorse umane;<\/li>\n<li>applicazione di conoscenze ergonomiche alla progettazione di tecnologie e al miglioramento dell&#8217;interazione fra individui e specifici contesti di attivit\u00e0;<\/li>\n<li>esecuzione di progetti di prevenzione e formazione sulle tematiche del rischio e della sicurezza;<\/li>\n<li>utilizzo di test e di altri strumenti standardizzati per l&#8217;analisi del comportamento, dei processi cognitivi, delle opinioni e degli atteggiamenti, dei bisogni e delle motivazioni, dell&#8217;interazione sociale, dell&#8217;idoneit\u00e0 psicologica a specifici compiti e condizioni;<\/li>\n<li>elaborazione di dati per la sintesi psicodiagnostica prodotta dallo psicologo;<\/li>\n<li>collaborazione con lo psicologo nella costruzione, adattamento e standardizzazione di strumenti di indagine psicologica;<\/li>\n<li>attivit\u00e0 didattica nell&#8217;ambito delle specifiche competenze caratterizzanti il settore.<\/li>\n<\/ol>\n<p>Per il settore &#8220;Tecniche psicologiche per i servizi alla persona e alla comunit\u00e0&#8221;:<\/p>\n<ol>\n<li>partecipazione all&#8217;equipe multidisciplinare nella stesura del bilancio delle disabilit\u00e0, delle risorse, dei bisogni e delle aspettative del soggetto, nonch\u00e9 delle richieste e delle risorse dell&#8217;ambiente;<\/li>\n<li>attuazione di interventi per la riabilitazione, rieducazione funzionale e integrazione sociale di soggetti con disabilit\u00e0 pratiche, con deficit neuropsicologici, con disturbi psichiatrici o con dipendenza da sostanze;<\/li>\n<li>collaborazione con lo psicologo nella realizzazione di interventi diretti a sostenere la relazione genitore-figlio, a ridurre il carico familiare, a sviluppare reti di sostegno e di aiuto nelle situazioni di disabilit\u00e0;<\/li>\n<li>collaborazione con lo psicologo negli interventi psico-educativi e nelle attivit\u00e0 di promozione della salute, di modifica dei comportamenti a rischio, di inserimento e partecipazione sociale;<\/li>\n<li>utilizzo di test e di altri strumenti standardizzati per l&#8217;analisi del comportamento, dei processi cognitivi, delle opinioni e degli atteggiamenti, dei bisogni e delle motivazioni, dell&#8217;interazione sociale, dell&#8217;idoneita&#8217; psicologica a specifici compiti e condizioni;<\/li>\n<li>elaborazione di dati per la sintesi psicodiagnostica prodotta dallo psicologo;<\/li>\n<li>collaborazione con lo psicologo nella costruzione, adattamento e standardizzazione di strumenti di indagine psicologica;<\/li>\n<li>attivit\u00e0 didattica nell&#8217;ambito delle specifiche competenze caratterizzanti il settore.<\/li>\n<\/ol>\n<h2>Psicologo<\/h2>\n<p>Lo psicologo \u00e8 un professionista sanitario iscritto all\u2019Albo degli Psicologi \u2013 Sezione A, ai sensi della Legge 18 febbraio 1989, n. 56.<\/p>\n<p>Per esercitare la professione di psicologo \u00e8 necessario:<\/p>\n<ul>\n<li>Laurea triennale (L-24)<\/li>\n<li>Laurea magistrale (LM-51) abilitante<\/li>\n<li>Tirocinio Pratico Valutativo (TPV)<\/li>\n<li>Prova Pratica Valutativa (PPV)<\/li>\n<li>Iscrizione all\u2019Albo A<\/li>\n<\/ul>\n<p><em><strong>Attivit\u00e0 professionali<\/strong><\/em><\/p>\n<p>(Art. 1, Legge 56\/1989)<\/p>\n<blockquote><p>\u201cLa professione di psicologo comprende l\u2019uso degli strumenti conoscitivi e di intervento per la prevenzione, la diagnosi, le attivit\u00e0 di abilitazione-riabilitazione e di sostegno in ambito psicologico rivolte alla persona, al gruppo, agli organismi sociali e alle comunit\u00e0. Comprende altres\u00ec le attivit\u00e0 di sperimentazione, ricerca e didattica in tale ambito.\u201d<\/p><\/blockquote>\n<p>Lo Psicologo, infatti, opera efficacemente nel mondo della sanit\u00e0, della salute pubblica, della scuola, del lavoro, nelle organizzazioni militari, di protezione civile e sportive, nelle comunit\u00e0 e nei gruppi organizzati quale promotore e facilitatore di benessere attraverso l\u2019analisi, la progettazione e la realizzazione di attivit\u00e0 o servizi e della formazione del personale.<\/p>\n<p>Le attivit\u00e0 dello Psicologo nel nostro Paese possono essere distribuite in numerose aree professionali\/disciplinari, tra cui:<\/p>\n<ul>\n<li>Psicologia CLINICA<\/li>\n<li>Psicologia DI COMUNITA&#8217;<\/li>\n<li>Psicologia DELLA SALUTE E DEL BENESSERE<\/li>\n<li>Psicologia DEL LAVORO E DELLE ORGANIZZAZIONI<\/li>\n<li>Psicologia DELLO SVILUPPO, DELL\u2019EDUCAZIONE E SCOLASTICA<\/li>\n<li>Psicologia GIURIDICA<\/li>\n<li>Psicologia PENITENZIARIA<\/li>\n<li>NEUROPSICOLOGIA<\/li>\n<li>Psicologia MILITARE<\/li>\n<li>Psicologia DELL&#8217;EMERGENZA<\/li>\n<li>Psicologia DELLO SPORT<\/li>\n<li>Psicologia DEL TURISMO<\/li>\n<li>Psicologia DEL MARKETING E DELLA COMUNICAZIONE<\/li>\n<\/ul>\n<h2>Psicoterapeuta<\/h2>\n<p>Lo psicoterapeuta \u00e8 uno psicologo (o medico) che ha conseguito una specifica formazione specialistica, ai sensi dell\u2019art. 3 della Legge 56\/1989.<\/p>\n<p>Per esercitare la professione di psicoterapeuta \u00e8 necessario:<\/p>\n<ul>\n<li>Laurea in Psicologia o Medicina<\/li>\n<li>Iscrizione all\u2019Albo professionale<\/li>\n<li>Scuola di specializzazione in psicoterapia (almeno 4 anni) riconosciuta;<\/li>\n<li>Annotazione come psicoterapeuta presso l&#8217;Ordine regionale degli Psicologi di appartenenza (obbligatoria per esercitare legalmente la professione di psicoterapeuta e per la pubblicit\u00e0 del titolo. Non crea un nuovo albo, ma aggiorna quello esistente.)<\/li>\n<\/ul>\n<p><em><strong>Attivit\u00e0 professionali<\/strong><\/em><\/p>\n<p>(Art. 3, Legge 56\/1989)<\/p>\n<blockquote><p>&#8220;L&#8217;esercizio dell&#8217;attivit\u00e0 psicoterapeutica \u00e8 subordinato ad una specifica formazione professionale, da acquisirsi, dopo il conseguimento della laurea in psicologia o in medicina e chirurgia, mediante corsi di specializzazione almeno quadriennali che prevedano adeguata formazione e addestramento in psicoterapia, attivati ai sensi del decreto del Presidente della Repubblica 10 marzo 1982, n. 162, presso scuole di specializzazione universitaria o presso istituti a tal fine riconosciuti con le procedure di cui all&#8217;articolo 3 del citato decreto del Presidente della Repubblica. Agli psicoterapeuti non medici \u00e8 vietato ogni intervento di competenza esclusiva della professione medica.&#8221;<\/p><\/blockquote>\n<p>La formazione in psicoterapia consente l&#8217;acquisizione di metodologie specifiche per il trattamento delle patologie in ambito psicologico: negli anni sono stati sviluppati al riguardo diversi orientamenti teorici e di intervento che utilizzano strumenti di cura in parte differenziati per affrontare i diversi disturbi nella loro specificit\u00e0.<\/p>\n<p><strong>\u00c8 sempre possibile verificare l\u2019iscrizione all\u2019Albo per accertare la qualifica del professionista.<\/strong><\/p>\n","protected":false},"excerpt":{"rendered":"<p>Per orientarsi tra i diversi professionisti dell\u2019area psicologica \u00e8 importante distinguere le figure previste dalla normativa vigente, nonch\u00e9 i rispettivi percorsi formativi e ambiti di competenza Dottore in tecniche psicologiche Il dottore in tecniche psicologiche \u00e8 iscritto all\u2019Albo B, istituito dal D.P.R. 5 giugno 2001, n. 328 e disciplinato anche dal D.L. 9 maggio 2003, [&hellip;]<\/p>\n","protected":false},"author":465,"featured_media":4960,"parent":0,"menu_order":0,"comment_status":"closed","ping_status":"closed","template":"","meta":{"footnotes":""},"class_list":["post-5831","page","type-page","status-publish","has-post-thumbnail","hentry"],"_links":{"self":[{"href":"https:\/\/www.ordpsicobas.it\/home\/wp-json\/wp\/v2\/pages\/5831","targetHints":{"allow":["GET"]}}],"collection":[{"href":"https:\/\/www.ordpsicobas.it\/home\/wp-json\/wp\/v2\/pages"}],"about":[{"href":"https:\/\/www.ordpsicobas.it\/home\/wp-json\/wp\/v2\/types\/page"}],"author":[{"embeddable":true,"href":"https:\/\/www.ordpsicobas.it\/home\/wp-json\/wp\/v2\/users\/465"}],"replies":[{"embeddable":true,"href":"https:\/\/www.ordpsicobas.it\/home\/wp-json\/wp\/v2\/comments?post=5831"}],"version-history":[{"count":5,"href":"https:\/\/www.ordpsicobas.it\/home\/wp-json\/wp\/v2\/pages\/5831\/revisions"}],"predecessor-version":[{"id":5836,"href":"https:\/\/www.ordpsicobas.it\/home\/wp-json\/wp\/v2\/pages\/5831\/revisions\/5836"}],"wp:featuredmedia":[{"embeddable":true,"href":"https:\/\/www.ordpsicobas.it\/home\/wp-json\/wp\/v2\/media\/4960"}],"wp:attachment":[{"href":"https:\/\/www.ordpsicobas.it\/home\/wp-json\/wp\/v2\/media?parent=5831"}],"curies":[{"name":"wp","href":"https:\/\/api.w.org\/{rel}","templated":true}]}}