{"id":5641,"date":"2026-02-19T18:37:45","date_gmt":"2026-02-19T17:37:45","guid":{"rendered":"https:\/\/www.ordpsicobas.it\/home\/?page_id=5641"},"modified":"2026-04-19T22:03:20","modified_gmt":"2026-04-19T20:03:20","slug":"consulta-giovani-dellordine-degli-psicologi-della-basilicata","status":"publish","type":"page","link":"https:\/\/www.ordpsicobas.it\/home\/consulta-giovani-dellordine-degli-psicologi-della-basilicata\/","title":{"rendered":"Consulta Giovani dell\u2019Ordine degli Psicologi della Basilicata"},"content":{"rendered":"<div class=\"et_pb_section_0 et_pb_section et_section_regular et_block_section\">\n<div class=\"et_pb_row_0 et_pb_row et_block_row\">\n<div class=\"et_pb_column_0 et_pb_column et_pb_column_4_4 et-last-child et_block_column et_pb_css_mix_blend_mode_passthrough\">\n<div class=\"et_pb_text_0 et_pb_text et_pb_bg_layout_light et_pb_module et_block_module\"><div class=\"et_pb_text_inner\"><p>La Consulta Giovani \u00e8 un organismo propositivo e consultivo dell\u2019Ordine degli Psicologi della Basilicata, istituito per favorire il coinvolgimento attivo e responsabile dei giovani psicologi iscritti all\u2019Albo OPB (et\u00e0 non superiore a 40 anni), valorizzandone idee, bisogni e competenze e accompagnandoli nell\u2019avvio e nello sviluppo della professione.<\/p>\n<h3>Finalit\u00e0<\/h3>\n<p>La Consulta nasce per:<\/p>\n<ul>\n<li><strong>rappresentare e dare voce alle istanze dei giovani colleghi iscritti<\/strong>, facendosi portavoce delle principali criticit\u00e0 e opportunit\u00e0 legate all\u2019ingresso nel mondo del lavoro;<\/li>\n<li>promuovere <strong>orientamento, formazione, rete, ricerca, comunicazione e informazione<\/strong>, fungendo da ponte tra attuali\/futuri professionisti e mercato del lavoro;<\/li>\n<li>contribuire alla diffusione di una <strong>cultura professionale aggiornata<\/strong>, coerente con i bisogni emergenti e con le trasformazioni dei contesti formativi e lavorativi;<\/li>\n<li>offrire al Consiglio dell\u2019Ordine <strong>spunti e proposte progettuali<\/strong> (formative e informative) a beneficio della comunit\u00e0 professionale e della collettivit\u00e0.<\/li>\n<\/ul>\n<h3>Chi pu\u00f2 partecipare<\/h3>\n<p>La Consulta \u00e8 composta dal Consigliere Coordinatore (componente di diritto) e da un numero di membri da 11 a 20. Possono farne parte le\/gli iscritte\/i all\u2019Albo dell\u2019Ordine degli Psicologi della Basilicata di et\u00e0 non superiore a 40 anni. Per la candidatura \u00e8 richiesta la regolarit\u00e0 della quota ordinistica e l\u2019assenza di segnalazioni per violazioni deontologiche o procedimenti disciplinari, n\u00e9 sospensione dall\u2019esercizio della professione.<\/p>\n<h3>Come candidarsi<\/h3>\n<p><strong>Le istanze di candidatura possono essere presentate esclusivamente in occasione della pubblicazione di un apposito Avviso sul sito istituzionale dell\u2019OPB, nel rispetto dei termini e delle modalit\u00e0 ivi indicate.<\/strong><\/p>\n<p>Per candidarsi \u00e8 necessario compilare e firmare il \u201cModello istanza di candidatura Consulta Giovani\u201d e trasmetterlo, con gli allegati, entro i termini indicati nell\u2019Avviso.<\/p>\n<ul>\n<li>Breve curriculum vitae et studiorum;<\/li>\n<li>Breve lettera motivazionale (con eventuali esperienze di cittadinanza attiva: associazionismo, volontariato, rappresentanza, ecc.);<\/li>\n<li>Copia del documento di identit\u00e0;<\/li>\n<\/ul>\n<p><strong>\ud83d\udce9 Invio candidature (secondo Avviso): <a href=\"mailto:psicologi.basilicata@tiscali.it\">psicologi.basilicata@tiscali.it<\/a> | PEC: <a href=\"mailto:psicologi.basilicata@psypec.it\">psicologi.basilicata@psypec.it<\/a><\/strong><\/p>\n<p>Le istanze pervenute nei termini dell\u2019Avviso vengono valutate dal Consiglio dell\u2019Ordine, che delibera l\u2019accoglimento o il rigetto e individua anche un\/una Segretario\/a di supporto operativo. La partecipazione \u00e8 a titolo gratuito.<\/p>\n<h3>Come funziona<\/h3>\n<p>La Consulta opera con una programmazione annuale condivisa e approvata dal Consiglio dell\u2019Ordine, con obiettivi, tempi e risultati attesi. Sono previsti massimo 10 incontri formali l\u2019anno, in presenza, online o in modalit\u00e0 mista; per ogni seduta viene redatto verbale. Le attivit\u00e0 terminano di norma con la scadenza del Consiglio dell\u2019Ordine.<\/p>\n<\/div><\/div>\n\n<div class=\"et_pb_text_1 et_pb_text et_pb_bg_layout_light et_pb_module et_flex_module\"><div class=\"et_pb_text_inner\"><h2>FAQ<\/h2>\n<\/div><\/div>\n\n<div class=\"et_pb_text_2 et_pb_text et_pb_bg_layout_light et_pb_module et_flex_module\"><div class=\"et_pb_text_inner\"><style>#sp-ea-6399 .spcollapsing { height: 0; overflow: hidden; transition-property: height;transition-duration: 300ms;}#sp-ea-6399.sp-easy-accordion>.sp-ea-single {margin-bottom: 10px; border: 1px solid #e2e2e2; }#sp-ea-6399.sp-easy-accordion>.sp-ea-single>.ea-header a {color: #444;}#sp-ea-6399.sp-easy-accordion>.sp-ea-single>.sp-collapse>.ea-body {background: #fff; color: #444;}#sp-ea-6399.sp-easy-accordion>.sp-ea-single {background: #eee;}#sp-ea-6399.sp-easy-accordion>.sp-ea-single>.ea-header a .ea-expand-icon { float: left; color: #444;font-size: 16px;}<\/style><div id=\"sp_easy_accordion-1776286507\"><div id=\"sp-ea-6399\" class=\"sp-ea-one sp-easy-accordion\" data-ea-active=\"ea-click\" data-ea-mode=\"vertical\" data-preloader=\"\" data-scroll-active-item=\"1\" data-offset-to-scroll=\"0\"><div class=\"ea-card sp-ea-single\"><h3 class=\"ea-header\"><a class=\"collapsed\" id=\"ea-header-63990\" role=\"button\" data-sptoggle=\"spcollapse\" data-sptarget=\"#collapse63990\" aria-controls=\"collapse63990\" href=\"#\" aria-expanded=\"false\" tabindex=\"0\"><i aria-hidden=\"true\" role=\"presentation\" class=\"ea-expand-icon eap-icon-ea-expand-plus\"><\/i> Chi coordina la Consulta?<\/a><\/h3><div class=\"sp-collapse spcollapse spcollapse\" id=\"collapse63990\" data-parent=\"#sp-ea-6399\" role=\"region\" aria-labelledby=\"ea-header-63990\"> <div class=\"ea-body\"><p>Il\u00a0<strong>Consigliere Coordinatore<\/strong>\u00a0facilita e organizza le attivit\u00e0, convoca le riunioni e riferisce al Presidente e al Consiglio sull\u2019andamento dei lavori.<\/p><p>Nel seduta consiliare dell\u201911 Marzo 2026 \u00e8 stato nominato coordinatore della Consulta Giovani il Dott. Alfonso Domenico Guttieri.<\/p><\/div><\/div><\/div><div class=\"ea-card sp-ea-single\"><h3 class=\"ea-header\"><a class=\"collapsed\" id=\"ea-header-63991\" role=\"button\" data-sptoggle=\"spcollapse\" data-sptarget=\"#collapse63991\" aria-controls=\"collapse63991\" href=\"#\" aria-expanded=\"false\" tabindex=\"0\"><i aria-hidden=\"true\" role=\"presentation\" class=\"ea-expand-icon eap-icon-ea-expand-plus\"><\/i> Quanto impegno richiede?<\/a><\/h3><div class=\"sp-collapse spcollapse spcollapse\" id=\"collapse63991\" data-parent=\"#sp-ea-6399\" role=\"region\" aria-labelledby=\"ea-header-63991\"> <div class=\"ea-body\"><p>Sono previsti\u00a0<strong>massimo 10 incontri formali l\u2019anno<\/strong>; possono esserci attivit\u00e0 e gruppi di lavoro collegati alla programmazione annuale.<\/p><\/div><\/div><\/div><div class=\"ea-card sp-ea-single\"><h3 class=\"ea-header\"><a class=\"collapsed\" id=\"ea-header-63992\" role=\"button\" data-sptoggle=\"spcollapse\" data-sptarget=\"#collapse63992\" aria-controls=\"collapse63992\" href=\"#\" aria-expanded=\"false\" tabindex=\"0\"><i aria-hidden=\"true\" role=\"presentation\" class=\"ea-expand-icon eap-icon-ea-expand-plus\"><\/i> Le riunioni sono online?<\/a><\/h3><div class=\"sp-collapse spcollapse spcollapse\" id=\"collapse63992\" data-parent=\"#sp-ea-6399\" role=\"region\" aria-labelledby=\"ea-header-63992\"> <div class=\"ea-body\"><p>S\u00ec, le riunioni possono svolgersi anche\u00a0<strong>online o in modalit\u00e0 mista<\/strong>.<\/p><\/div><\/div><\/div><div class=\"ea-card sp-ea-single\"><h3 class=\"ea-header\"><a class=\"collapsed\" id=\"ea-header-63993\" role=\"button\" data-sptoggle=\"spcollapse\" data-sptarget=\"#collapse63993\" aria-controls=\"collapse63993\" href=\"#\" aria-expanded=\"false\" tabindex=\"0\"><i aria-hidden=\"true\" role=\"presentation\" class=\"ea-expand-icon eap-icon-ea-expand-plus\"><\/i> \u00c8 un incarico retribuito?<\/a><\/h3><div class=\"sp-collapse spcollapse spcollapse\" id=\"collapse63993\" data-parent=\"#sp-ea-6399\" role=\"region\" aria-labelledby=\"ea-header-63993\"> <div class=\"ea-body\"><p>No, la partecipazione come componente della Consulta \u00e8 a\u00a0<strong>titolo gratuito<\/strong>.<\/p><\/div><\/div><\/div><div class=\"ea-card sp-ea-single\"><h3 class=\"ea-header\"><a class=\"collapsed\" id=\"ea-header-63994\" role=\"button\" data-sptoggle=\"spcollapse\" data-sptarget=\"#collapse63994\" aria-controls=\"collapse63994\" href=\"#\" aria-expanded=\"false\" tabindex=\"0\"><i aria-hidden=\"true\" role=\"presentation\" class=\"ea-expand-icon eap-icon-ea-expand-plus\"><\/i> Posso partecipare se non sono iscritto all\u2019Albo?<\/a><\/h3><div class=\"sp-collapse spcollapse spcollapse\" id=\"collapse63994\" data-parent=\"#sp-ea-6399\" role=\"region\" aria-labelledby=\"ea-header-63994\"> <div class=\"ea-body\"><p><span style=\"color: #ff0000\">No. Possono candidarsi esclusivamente le\/gli iscritte\/i all\u2019Albo OPB (et\u00e0 non superiore a 40 anni) in possesso dei requisiti indicati nell\u2019Avviso.<\/span><\/p><\/div><\/div><\/div><div class=\"ea-card sp-ea-single\"><h3 class=\"ea-header\"><a class=\"collapsed\" id=\"ea-header-63995\" role=\"button\" data-sptoggle=\"spcollapse\" data-sptarget=\"#collapse63995\" aria-controls=\"collapse63995\" href=\"#\" aria-expanded=\"false\" tabindex=\"0\"><i aria-hidden=\"true\" role=\"presentation\" class=\"ea-expand-icon eap-icon-ea-expand-plus\"><\/i> Come si presenta la candidatura?<\/a><\/h3><div class=\"sp-collapse spcollapse spcollapse\" id=\"collapse63995\" data-parent=\"#sp-ea-6399\" role=\"region\" aria-labelledby=\"ea-header-63995\"> <div class=\"ea-body\"><p>In occasione della pubblicazione dell\u2019Avviso: compilare e firmare il \u201cModello istanza di candidatura Consulta Giovani\u201d e inviarlo, con CV, lettera motivazionale e documento di identit\u00e0, ai recapiti indicati (e-mail e\/o PEC) entro i termini previsti.<\/p><\/div><\/div><\/div><\/div><\/div>\n<\/div><\/div>\n<\/div>\n<\/div>\n<\/div>","protected":false},"excerpt":{"rendered":"<p>La Consulta Giovani \u00e8 un organismo propositivo e consultivo dell\u2019Ordine degli Psicologi della Basilicata, istituito per favorire il coinvolgimento attivo e responsabile dei giovani psicologi iscritti all\u2019Albo OPB (et\u00e0 non superiore a 40 anni). La Consulta raccoglie bisogni e proposte, promuove orientamento e iniziative utili all\u2019inserimento professionale, sostiene formazione e networking e contribuisce a diffondere una cultura professionale coerente con le richieste emergenti.<\/p>\n","protected":false},"author":465,"featured_media":4960,"parent":0,"menu_order":0,"comment_status":"closed","ping_status":"closed","template":"","meta":{"footnotes":""},"class_list":["post-5641","page","type-page","status-publish","has-post-thumbnail","hentry"],"_links":{"self":[{"href":"https:\/\/www.ordpsicobas.it\/home\/wp-json\/wp\/v2\/pages\/5641","targetHints":{"allow":["GET"]}}],"collection":[{"href":"https:\/\/www.ordpsicobas.it\/home\/wp-json\/wp\/v2\/pages"}],"about":[{"href":"https:\/\/www.ordpsicobas.it\/home\/wp-json\/wp\/v2\/types\/page"}],"author":[{"embeddable":true,"href":"https:\/\/www.ordpsicobas.it\/home\/wp-json\/wp\/v2\/users\/465"}],"replies":[{"embeddable":true,"href":"https:\/\/www.ordpsicobas.it\/home\/wp-json\/wp\/v2\/comments?post=5641"}],"version-history":[{"count":11,"href":"https:\/\/www.ordpsicobas.it\/home\/wp-json\/wp\/v2\/pages\/5641\/revisions"}],"predecessor-version":[{"id":6620,"href":"https:\/\/www.ordpsicobas.it\/home\/wp-json\/wp\/v2\/pages\/5641\/revisions\/6620"}],"wp:featuredmedia":[{"embeddable":true,"href":"https:\/\/www.ordpsicobas.it\/home\/wp-json\/wp\/v2\/media\/4960"}],"wp:attachment":[{"href":"https:\/\/www.ordpsicobas.it\/home\/wp-json\/wp\/v2\/media?parent=5641"}],"curies":[{"name":"wp","href":"https:\/\/api.w.org\/{rel}","templated":true}]}}