{"id":5118,"date":"2026-01-11T20:13:05","date_gmt":"2026-01-11T19:13:05","guid":{"rendered":"https:\/\/www.ordpsicobas.it\/home\/?page_id=5118"},"modified":"2026-03-24T11:00:48","modified_gmt":"2026-03-24T10:00:48","slug":"inizio-attivita","status":"publish","type":"page","link":"https:\/\/www.ordpsicobas.it\/home\/inizio-attivita\/","title":{"rendered":"Inizio attivit\u00e0"},"content":{"rendered":"<p style=\"font-weight: 300;\"><strong>Adempimenti libera professione<\/strong><\/p>\n<p>L\u2019esercizio della libera professione di psicologa o psicologo \u00e8 subordinato al rispetto di specifici obblighi di natura fiscale, previdenziale e deontologica, previsti dalla normativa vigente.<br \/>\nTali adempimenti costituiscono parte integrante dell\u2019attivit\u00e0 professionale e sono finalizzati a garantire il corretto esercizio della professione, la tutela dell\u2019utenza e il rispetto dei principi di trasparenza e responsabilit\u00e0.<br \/>\nSi richiama l\u2019attenzione sull\u2019importanza di conformarsi alla Legge di Ordinamento, alle disposizioni normative vigenti e al Codice Deontologico, il cui mancato rispetto pu\u00f2 comportare conseguenze disciplinari e, ove previsto, anche di natura risarcitoria.<br \/>\nDi seguito sono riportate le principali indicazioni utili nella fase di avvio dell\u2019attivit\u00e0:<\/p>\n<ul>\n<li>Possesso\u00a0<b><strong>Partita IVA\u00a0<\/strong><\/b>\u2013 adempimenti e normativa fiscale : da valutare con il proprio commercialista<br \/>\nPRESTAZIONI OCCASIONALI<br \/>\nIl Legislatore prevede che l\u2019esercizio dell\u2019attivit\u00e0 professionale ancorch\u00e9 svolto in modo non abituale e non esclusivo obbliga il professionista psicologo a richiedere la Partita IVA.<br \/>\nLa prestazione \u00e8 occasionale se non rientra nell\u2019esercizio di una professione e deve rispondere alle seguenti condizioni: il rapporto non deve avere durata superiore a 30 giorni nell\u2019anno solare con lo stesso committente ed i compensi complessivi non devono superare la somma di \u20ac 5.000,00.<\/li>\n<li><b><strong>Iscrizione ENPAP<\/strong><\/b>\u00a0\u2013 obbligatoria anche in caso di collaborazione coordinata e continuativa ovvero in regime di prestazione occasionale. Consultare il Regolamento ENPAP\u00a0<a href=\"https:\/\/www.enpap.it\/\">www.enpap.it<\/a>.<\/li>\n<li><a href=\"https:\/\/www.ordpsicobas.it\/home\/consenso-informato\/\"><b><strong>Consenso informato<\/strong><\/b><\/a>: le inadempienze possono avere risvolti anche di tipo risarcitorio da parte dei clienti . Riferimenti normativi Decr. Lgs. 196\/2003 e Codice Deontologico. Consultare <a href=\"https:\/\/www.ordpsicobas.it\/home\/consenso-informato\/\">sito dell\u2019Ordine<\/a><\/li>\n<li>Disposizioni in materia di trattamento dei dati personali e sensibili [ anche da parte di terzi ] secondo la disciplina della legge 196\/2003 \u2018\u00a0<b><strong>Codice della Privacy<\/strong><\/b>\u00a0\u2018.\n<ul style=\"padding-bottom: 0;\">\n<li>Con l\u2019entrata in vigore della legge n. 35\/2012 (conversione del D.L. 5\/2012 del 9 febbraio scorso) il Governo abroga l&#8217;obbligo di redazione del Documento Programmatico sulla Sicurezza in materia di tutela dei dati personali.<\/li>\n<li>Modificata dunque la norma del &#8220;codice della privacy&#8221; ( art. 34, co. 1, lett.g) del DLgs. 196\/2003) che prevedeva l&#8217;assolvimento di tale obbligo entro il 31 marzo di ciascun anno solare (art. 45, co. 1, lett. d) DL 5\/2012 convertito in Legge n. 35\/2012).<\/li>\n<li>Al fine di chiarire l&#8217;esatta portata della disposizione e della modifica in commento, deve precisarsi che l&#8217;abolizione del DPS non cambia la sostanza e gli obblighi di tutela dei dati personali previsti della normativa sulla privacy e posti a carico del soggetto che raccoglie dati personali. Tutte le misure di sicurezza obbligatorie sono rimaste, infatti, invariate e i provvedimenti del Garante che hanno effetto di legge rimasti in vigore pur in assenza dell&#8217;obbligo formale di redazione del D.P.S. Ove tali obblighi non vengano rispettati, infine, resta inalterato il sistema sanzionatorio applicabile nei confronti del trasgressore.<\/li>\n<\/ul>\n<\/li>\n<li>Osservanza delle\u00a0<b><strong>norme in materia di liberalizzazioni e riforma delle professioni.<\/strong><\/b><\/li>\n<li>Il decreto sulle liberalizzazioni, Legge 24 marzo 2012 e DPR n. 137\/2012, richiamano l&#8217;obbligo per tutti i professionisti di pattuire i compensi e comunicare gli estremi della copertura assicurativa e il massimale assicurativo.<br \/>\nTale obbligo di informativa potrebbe essere agevolmente adempiuto consegnando il proprio \u2018biglietto di rappresentanza \u2018 con i recapiti del professionista e con il numero della polizza e relativo massimale. Es. Polizza C.A.M.P.I. RC n.0000000 max \u20ac780.000.<br \/>\nSi evidenzia che il compenso per le prestazioni professionali deve essere pattuito al momento del conferimento dell&#8217;incarico professionale.<\/li>\n<li><b><strong>Pubblicit\u00e0 dell\u2019attivit\u00e0<\/strong><\/b>\u00a0: \u00e8 ammessa con ogni mezzo la pubblicit\u00e0 informativa avente ad oggetto l&#8217;attivit\u00e0 della professione psicologo, le specializzazioni, i titoli posseduti attinenti alla professione, la struttura dello studio professionale e i compensi richiesti per le prestazioni. La pubblicit\u00e0 informativa deve essere funzionale all&#8217;oggetto, veritiera e corretta, non deve violare l&#8217;obbligo del segreto professionale e non deve essere equivoca, ingannevole o denigratoria. La violazione della disposizione costituisce illecito disciplinare.<\/li>\n<li><b><strong>Legge antifumo<\/strong><\/b> negli studi professionali: esposizione del divieto e indicazione del responsabile antifumo.<\/li>\n<li>Rispetto della disciplina del\u00a0<b><strong>Copyright<\/strong><\/b>\u00a0[ Uso di materiale testistico originale ]<\/li>\n<li>Obbligo dell\u2019<b><strong>assicurazione RC terz<\/strong><\/b>i decorrenza 13 agosto 2013.\n<ul style=\"padding-bottom: 0;\">\n<li>Attualmente le condizioni pi\u00f9 vantaggiose di Polizza Assicurativa R.C. Infortuni e Responsabilit\u00e0 Legale sono offerte dalla C.A.M.P.I &#8211; CASSA DI ASSISTENZA MUTUA TRA GLI PSICOLOGI ITALIANI &#8211; Casella postale n. 6309 &#8211; 00195 Roma Prati &#8211; Tel\/Fax 06.68301199<\/li>\n<\/ul>\n<\/li>\n<li>Obbligo della<b><strong>\u00a0PEC<\/strong><\/b>\u00a0\u2013 Posta Elettronica Certificata &#8211; in vigore<\/li>\n<\/ul>\n<h3>Le condizioni generali di polizza, in dettaglio, sono pubblicate sui siti:<\/h3>\n<ul>\n<li><a href=\"http:\/\/www.cassamutuapsicologi.it\/\">www.cassamutuapsicologi.it<\/a><\/li>\n<li><a href=\"http:\/\/www.italbrokers.it.\/campi\/index\">www.italbrokers.it.\/campi\/index<\/a><\/li>\n<li><a href=\"http:\/\/www.emapi.it\/\">www.emapi.it<\/a><\/li>\n<\/ul>\n","protected":false},"excerpt":{"rendered":"<p>Adempimenti libera professione L\u2019esercizio della libera professione di psicologa o psicologo \u00e8 subordinato al rispetto di specifici obblighi di natura fiscale, previdenziale e deontologica, previsti dalla normativa vigente. Tali adempimenti costituiscono parte integrante dell\u2019attivit\u00e0 professionale e sono finalizzati a garantire il corretto esercizio della professione, la tutela dell\u2019utenza e il rispetto dei principi di trasparenza [&hellip;]<\/p>\n","protected":false},"author":465,"featured_media":4960,"parent":0,"menu_order":0,"comment_status":"closed","ping_status":"closed","template":"","meta":{"footnotes":""},"class_list":["post-5118","page","type-page","status-publish","has-post-thumbnail","hentry"],"_links":{"self":[{"href":"https:\/\/www.ordpsicobas.it\/home\/wp-json\/wp\/v2\/pages\/5118","targetHints":{"allow":["GET"]}}],"collection":[{"href":"https:\/\/www.ordpsicobas.it\/home\/wp-json\/wp\/v2\/pages"}],"about":[{"href":"https:\/\/www.ordpsicobas.it\/home\/wp-json\/wp\/v2\/types\/page"}],"author":[{"embeddable":true,"href":"https:\/\/www.ordpsicobas.it\/home\/wp-json\/wp\/v2\/users\/465"}],"replies":[{"embeddable":true,"href":"https:\/\/www.ordpsicobas.it\/home\/wp-json\/wp\/v2\/comments?post=5118"}],"version-history":[{"count":10,"href":"https:\/\/www.ordpsicobas.it\/home\/wp-json\/wp\/v2\/pages\/5118\/revisions"}],"predecessor-version":[{"id":5822,"href":"https:\/\/www.ordpsicobas.it\/home\/wp-json\/wp\/v2\/pages\/5118\/revisions\/5822"}],"wp:featuredmedia":[{"embeddable":true,"href":"https:\/\/www.ordpsicobas.it\/home\/wp-json\/wp\/v2\/media\/4960"}],"wp:attachment":[{"href":"https:\/\/www.ordpsicobas.it\/home\/wp-json\/wp\/v2\/media?parent=5118"}],"curies":[{"name":"wp","href":"https:\/\/api.w.org\/{rel}","templated":true}]}}